{"id":1732,"date":"2020-12-04T12:42:21","date_gmt":"2020-12-04T12:42:21","guid":{"rendered":"http:\/\/lisatuled.mugavauto.ee\/product\/numbrialune-lisatuleraam-2\/"},"modified":"2020-12-04T22:24:22","modified_gmt":"2020-12-04T22:24:22","slug":"numbrialune-lisatuleraam-2","status":"publish","type":"product","link":"https:\/\/lisatuled.mugavauto.ee\/ru\/product\/numbrialune-lisatuleraam-2\/","title":{"rendered":"\u041a\u0440\u0435\u043f\u0435\u0436\u043d\u0430\u044f \u0440\u0430\u043c\u043a\u0430 \u043f\u043e\u0434 \u043d\u043e\u043c\u0435\u0440\u043d\u043e\u0439 \u0437\u043d\u0430\u043a"},"content":{"rendered":"<ul>\n<li>550mm<\/li>\n<li>kolme \u00fcmmarguse tule, kahe l\u00e4hitule v\u00f5i \u00fche 550 mm pikkuse tule jaoks.<\/li>\n<li>EL numbrim\u00e4rgi taga materjal<\/li>\n<li>musta v\u00e4rviga 3mm alumiinium.<\/li>\n<\/ul>\n","protected":false},"excerpt":{"rendered":"<p>550mm kolme \u00fcmmarguse tule, kahe l\u00e4hitule v\u00f5i \u00fche 550 mm pikkuse tule jaoks. EL numbrim\u00e4rgi taga materjal musta v\u00e4rviga 3mm alumiinium.<\/p>\n","protected":false},"featured_media":1580,"comment_status":"closed","ping_status":"closed","template":"","meta":{"_seopress_robots_primary_cat":"none","_seopress_titles_title":"","_seopress_titles_desc":"","_seopress_robots_index":"","site-sidebar-layout":"default","site-content-layout":"","ast-site-content-layout":"default","site-content-style":"default","site-sidebar-style":"default","ast-global-header-display":"","ast-banner-title-visibility":"","ast-main-header-display":"","ast-hfb-above-header-display":"","ast-hfb-below-header-display":"","ast-hfb-mobile-header-display":"","site-post-title":"","ast-breadcrumbs-content":"","ast-featured-img":"","footer-sml-layout":"","ast-disable-related-posts":"","theme-transparent-header-meta":"","adv-header-id-meta":"","stick-header-meta":"","header-above-stick-meta":"","header-main-stick-meta":"","header-below-stick-meta":"","astra-migrate-meta-layouts":"default","ast-page-background-enabled":"default","ast-page-background-meta":{"desktop":{"background-color":"var(--ast-global-color-4)","background-image":"","background-repeat":"repeat","background-position":"center center","background-size":"auto","background-attachment":"scroll","background-type":"","background-media":"","overlay-type":"","overlay-color":"","overlay-opacity":"","overlay-gradient":""},"tablet":{"background-color":"","background-image":"","background-repeat":"repeat","background-position":"center center","background-size":"auto","background-attachment":"scroll","background-type":"","background-media":"","overlay-type":"","overlay-color":"","overlay-opacity":"","overlay-gradient":""},"mobile":{"background-color":"","background-image":"","background-repeat":"repeat","background-position":"center center","background-size":"auto","background-attachment":"scroll","background-type":"","background-media":"","overlay-type":"","overlay-color":"","overlay-opacity":"","overlay-gradient":""}},"ast-content-background-meta":{"desktop":{"background-color":"var(--ast-global-color-5)","background-image":"","background-repeat":"repeat","background-position":"center center","background-size":"auto","background-attachment":"scroll","background-type":"","background-media":"","overlay-type":"","overlay-color":"","overlay-opacity":"","overlay-gradient":""},"tablet":{"background-color":"var(--ast-global-color-5)","background-image":"","background-repeat":"repeat","background-position":"center center","background-size":"auto","background-attachment":"scroll","background-type":"","background-media":"","overlay-type":"","overlay-color":"","overlay-opacity":"","overlay-gradient":""},"mobile":{"background-color":"var(--ast-global-color-5)","background-image":"","background-repeat":"repeat","background-position":"center center","background-size":"auto","background-attachment":"scroll","background-type":"","background-media":"","overlay-type":"","overlay-color":"","overlay-opacity":"","overlay-gradient":""}}},"product_brand":[],"product_cat":[39],"product_tag":[],"class_list":{"0":"post-1732","1":"product","2":"type-product","3":"status-publish","4":"has-post-thumbnail","6":"product_cat-lisad","7":"desktop-align-left","8":"tablet-align-left","9":"mobile-align-left","11":"first","12":"instock","13":"taxable","14":"shipping-taxable","15":"purchasable","16":"product-type-simple"},"_links":{"self":[{"href":"https:\/\/lisatuled.mugavauto.ee\/ru\/wp-json\/wp\/v2\/product\/1732","targetHints":{"allow":["GET"]}}],"collection":[{"href":"https:\/\/lisatuled.mugavauto.ee\/ru\/wp-json\/wp\/v2\/product"}],"about":[{"href":"https:\/\/lisatuled.mugavauto.ee\/ru\/wp-json\/wp\/v2\/types\/product"}],"replies":[{"embeddable":true,"href":"https:\/\/lisatuled.mugavauto.ee\/ru\/wp-json\/wp\/v2\/comments?post=1732"}],"wp:featuredmedia":[{"embeddable":true,"href":"https:\/\/lisatuled.mugavauto.ee\/ru\/wp-json\/wp\/v2\/media\/1580"}],"wp:attachment":[{"href":"https:\/\/lisatuled.mugavauto.ee\/ru\/wp-json\/wp\/v2\/media?parent=1732"}],"wp:term":[{"taxonomy":"product_brand","embeddable":true,"href":"https:\/\/lisatuled.mugavauto.ee\/ru\/wp-json\/wp\/v2\/product_brand?post=1732"},{"taxonomy":"product_cat","embeddable":true,"href":"https:\/\/lisatuled.mugavauto.ee\/ru\/wp-json\/wp\/v2\/product_cat?post=1732"},{"taxonomy":"product_tag","embeddable":true,"href":"https:\/\/lisatuled.mugavauto.ee\/ru\/wp-json\/wp\/v2\/product_tag?post=1732"}],"curies":[{"name":"wp","href":"https:\/\/api.w.org\/{rel}","templated":true}]}}